{"id":2,"date":"2020-06-12T14:31:20","date_gmt":"2020-06-12T14:31:20","guid":{"rendered":"https:\/\/cow.stimdata.tools\/?page_id=2"},"modified":"2024-05-24T12:45:27","modified_gmt":"2024-05-24T12:45:27","slug":"sample-page","status":"publish","type":"page","link":"https:\/\/c-o-w.fr\/?page_id=2","title":{"rendered":"Qui sommes-nous ?"},"content":{"rendered":"\n<h2 class=\"wp-block-heading has-text-align-center has-text-color\" style=\"color:#000000\">Notre histoire<\/h2>\n\n\n\n<div class=\"wp-block-media-text alignwide has-media-on-the-right is-stacked-on-mobile is-image-fill wp-block-column animate-fade-left aos-init aos-animate\"><div class=\"wp-block-media-text__content\">\n<p class=\"has-text-align-left has-normal-font-size\">L\u2019aventure de COW na\u00eet d\u2019un s\u00e9jour \u00e0 Aarhus, au Danemark. En poussant la porte d\u2019un fromager (UNIKA), Antoine, gastronome et voyageur, d\u00e9couvre une s\u00e9lection de fromages locaux inattendus par leur saveur, leur texture, leur finesse. <\/p>\n\n\n\n<p class=\"has-text-align-left has-normal-font-size\">De retour \u00e0 Paris, il se tourne vers Pascal, ex-fromager, et lui dit son regret de ne pas trouver cette offre incroyable dans la Capitale. Ils constatent ensemble qu\u2019aucun point de vente ne propose ces fromages \u00e9trangers. <\/p>\n\n\n\n<p class=\"has-text-align-left has-normal-font-size\">Commence alors une qu\u00eate \u00e0 travers l\u2019Europe et le monde pour s\u00e9lectionner les producteurs et les affineurs qui feront la gamme parfaite.<\/p>\n<\/div><figure class=\"wp-block-media-text__media\" style=\"background-image:url(https:\/\/c-o-w.fr\/wp-content\/uploads\/2021\/02\/boutique_06.jpg);background-position:50% 50%\"><img loading=\"lazy\" decoding=\"async\" width=\"800\" height=\"533\" src=\"https:\/\/c-o-w.fr\/wp-content\/uploads\/2021\/02\/boutique_06.jpg\" alt=\"\" class=\"wp-image-734 size-full\" srcset=\"https:\/\/c-o-w.fr\/wp-content\/uploads\/2021\/02\/boutique_06.jpg 800w, https:\/\/c-o-w.fr\/wp-content\/uploads\/2021\/02\/boutique_06-300x200.jpg 300w, https:\/\/c-o-w.fr\/wp-content\/uploads\/2021\/02\/boutique_06-768x512.jpg 768w, https:\/\/c-o-w.fr\/wp-content\/uploads\/2021\/02\/boutique_06-600x400.jpg 600w\" sizes=\"(max-width: 800px) 100vw, 800px\" \/><\/figure><\/div>\n\n\n\n<div style=\"height:100px\" aria-hidden=\"true\" class=\"wp-block-spacer\"><\/div>\n\n\n\n<div class=\"wp-block-media-text alignwide is-stacked-on-mobile is-image-fill wp-block-column animate-fade-right aos-init aos-animate\"><figure class=\"wp-block-media-text__media\" style=\"background-image:url(https:\/\/c-o-w.fr\/wp-content\/uploads\/2021\/02\/boutique_13.jpg);background-position:50% 50%\"><img loading=\"lazy\" decoding=\"async\" width=\"800\" height=\"460\" src=\"https:\/\/c-o-w.fr\/wp-content\/uploads\/2021\/02\/boutique_13.jpg\" alt=\"\" class=\"wp-image-741 size-full\" srcset=\"https:\/\/c-o-w.fr\/wp-content\/uploads\/2021\/02\/boutique_13.jpg 800w, https:\/\/c-o-w.fr\/wp-content\/uploads\/2021\/02\/boutique_13-300x173.jpg 300w, https:\/\/c-o-w.fr\/wp-content\/uploads\/2021\/02\/boutique_13-768x442.jpg 768w, https:\/\/c-o-w.fr\/wp-content\/uploads\/2021\/02\/boutique_13-600x345.jpg 600w\" sizes=\"(max-width: 800px) 100vw, 800px\" \/><\/figure><div class=\"wp-block-media-text__content\">\n<p class=\"has-normal-font-size\">Bient\u00f4t rejoint par Alexandre, jeune artisan-fromager qui a fait ses classes en Angleterre chez Androuet puis dans de nombreuses maisons en France, le trio n\u2019a de cesse de d\u00e9nicher les petits producteurs qui seront pr\u00e9sents chez Cheese Of the World. <\/p>\n\n\n\n<p>Ensemble, ils ont ouverts une deuxi\u00e8me puis une troisi\u00e8me boutique \u00e0 Paris 17\u00e8me et 14\u00e8me. Ils ont \u00e9t\u00e9 rejoints par Thomas, en charge des \u00e9v\u00e8nements, du laboratoire et des ateliers .<\/p>\n\n\n\n<p class=\"has-normal-font-size\">Rencontrer ces hommes et ces femmes qui fabriquent au quotidien, dans le respect de leur \u00e9levage, dans le souci permanent de la qualit\u00e9, sera d\u00e9sormais leur cr\u00e9do. <\/p>\n\n\n\n<p class=\"has-normal-font-size\">Mettre en place des circuits directs, des relations de proximit\u00e9 et de respect mutuel, retiendra leur attention permanente.<\/p>\n<\/div><\/div>\n\n\n\n<div style=\"height:100px\" aria-hidden=\"true\" class=\"wp-block-spacer\"><\/div>\n\n\n\n<div class=\"wp-block-media-text alignwide has-media-on-the-right is-stacked-on-mobile is-vertically-aligned-center is-image-fill wp-block-column animate-fade-left aos-init aos-animate\"><div class=\"wp-block-media-text__content\">\n<p class=\"has-normal-font-size\">Produit vivant, le fromage au lait cru sera affin\u00e9 avec soin dans leurs caves pour proposer suivant les saisons des produits \u00e0 l\u2019optimum de leur qualit\u00e9 gustative. La s\u00e9lection de 60 r\u00e9f\u00e9rences est en constante \u00e9volution, mod\u00e8le qui permet de peaufiner la gamme au gr\u00e9 de nouvelles rencontres et d\u00e9couvertes.<\/p>\n\n\n\n<p class=\"has-normal-font-size\">COW regroupe le meilleur des producteurs du Royaume Uni, du Danemark, de la Su\u00e8de, de la Norv\u00e8ge, de l\u2019Allemagne, de l\u2019Autriche, de la France, de la Gr\u00e8ce, de l\u2019Italie, de l\u2019Espagne, du Portugal et des Etats-Unis.<\/p>\n\n\n\n<p class=\"has-normal-font-size\">COW c\u2019est \u00e9galement un rayon ultrafrais travaill\u00e9 avec des petits producteurs fran\u00e7ais en circuit-court ou directement produits dans notre laboratoire, permettant de proposer une gamme de yaourts faits maison, du fromage blanc, de la cr\u00e8me et du lait crus bio tous les jeudis. Ainsi que des pr\u00e9parations et fabrications maisons saisonni\u00e8res.<\/p>\n\n\n\n<p class=\"has-normal-font-size\">COW propose \u00e9galement des produits d\u2019\u00e9picerie qui permettent des mariages inattendus avec les fromages&nbsp;: miel, confitures, p\u00e2tes de fruits, chutneys et crackers venus aussi de toute l\u2019Europe.<\/p>\n<\/div><figure class=\"wp-block-media-text__media\" style=\"background-image:url(https:\/\/c-o-w.fr\/wp-content\/uploads\/2021\/02\/cave_affinage_01.jpg);background-position:50% 50%\"><img loading=\"lazy\" decoding=\"async\" width=\"1000\" height=\"626\" src=\"https:\/\/c-o-w.fr\/wp-content\/uploads\/2021\/02\/cave_affinage_01.jpg\" alt=\"\" class=\"wp-image-772 size-full\" srcset=\"https:\/\/c-o-w.fr\/wp-content\/uploads\/2021\/02\/cave_affinage_01.jpg 1000w, https:\/\/c-o-w.fr\/wp-content\/uploads\/2021\/02\/cave_affinage_01-300x188.jpg 300w, https:\/\/c-o-w.fr\/wp-content\/uploads\/2021\/02\/cave_affinage_01-768x481.jpg 768w, https:\/\/c-o-w.fr\/wp-content\/uploads\/2021\/02\/cave_affinage_01-600x376.jpg 600w\" sizes=\"(max-width: 1000px) 100vw, 1000px\" \/><\/figure><\/div>\n\n\n\n<div style=\"height:100px\" aria-hidden=\"true\" class=\"wp-block-spacer\"><\/div>\n\n\n\n<h2 class=\"wp-block-heading has-text-align-center has-black-color has-text-color\"><strong><strong>COW d\u00e9veloppe \u00e9galement des partenariats<\/strong><\/strong><\/h2>\n\n\n\n<div style=\"height:100px\" aria-hidden=\"true\" class=\"wp-block-spacer\"><\/div>\n\n\n\n<div class=\"wp-block-columns is-layout-flex wp-container-core-columns-layout-1 wp-block-columns-is-layout-flex\">\n<div class=\"wp-block-column is-layout-flow wp-block-column-is-layout-flow\"><div data-block-name=\"woocommerce\/featured-product\" data-edit-mode=\"false\" data-product-id=\"575\" data-show-desc=\"false\" data-show-price=\"false\" class=\"wc-block-featured-product alignnone has-background-dim wp-block-woocommerce-featured-product\" style=\"min-height:500px;\"><div class=\"wc-block-featured-product__wrapper\"><div class=\"background-dim__overlay\" style=\"background-color: #000000\"><\/div><img decoding=\"async\" alt=\"Couteau Dag Horn Knives\" class=\"wc-block-featured-product__background-image\" src=\"https:\/\/c-o-w.fr\/wp-content\/uploads\/2020\/12\/couteau_1.jpg\" style=\"object-fit: none;object-position: 50% 50%;\" \/><h2 class=\"wc-block-featured-product__title\">Couteau Dag Horn Knives<\/h2><div class=\"wc-block-featured-product__link\">\n\n<div class=\"wp-block-buttons is-content-justification-center is-layout-flex wp-container-core-buttons-layout-1 wp-block-buttons-is-layout-flex\">\n<div class=\"wp-block-button\"><a class=\"wp-block-button__link wp-element-button\" href=\"https:\/\/c-o-w.fr\/?product=couteau-dag-horn-knives\">Acheter maintenant<\/a><\/div>\n<\/div>\n\n<\/div><\/div><\/div>\n\n\n<p>Pour d\u00e9velopper le couteau id\u00e9al au service du fromage, avec Dag Horn knives, le maitre coutelier des chefs \u00e9toil\u00e9s.<\/p>\n\n\n\n<p><a href=\"http:\/\/www.daghornknives.com\/daghornknivesphilosophy.html\" target=\"_blank\" rel=\"noreferrer noopener\">http:\/\/www.daghornknives.com\/daghornknivesphilosophy.html<\/a><\/p>\n<\/div>\n\n\n\n<div class=\"wp-block-column is-layout-flow wp-block-column-is-layout-flow\"><div data-block-name=\"woocommerce\/featured-product\" data-edit-mode=\"false\" data-focal-point=\"{&quot;x&quot;:&quot;0.49&quot;,&quot;y&quot;:&quot;0.44&quot;}\" data-product-id=\"1285\" data-show-desc=\"false\" data-show-price=\"false\" class=\"wc-block-featured-product alignnone has-background-dim wp-block-woocommerce-featured-product\" style=\"min-height:500px;\"><div class=\"wc-block-featured-product__wrapper\"><div class=\"background-dim__overlay\" style=\"background-color: #000000\"><\/div><img decoding=\"async\" alt=\"re-wrap\" class=\"wc-block-featured-product__background-image\" src=\"https:\/\/c-o-w.fr\/wp-content\/uploads\/2021\/04\/rewrap_photo_3.jpg\" style=\"object-fit: none;object-position: 49% 44%;\" \/><h2 class=\"wc-block-featured-product__title\">re-wrap<\/h2><div class=\"wc-block-featured-product__link\">\n\n<div class=\"wp-block-buttons is-content-justification-center is-layout-flex wp-container-core-buttons-layout-2 wp-block-buttons-is-layout-flex\">\n<div class=\"wp-block-button\"><a class=\"wp-block-button__link wp-element-button\" href=\"https:\/\/c-o-w.fr\/?product=re-wrap\">Acheter maintenant<\/a><\/div>\n<\/div>\n\n<\/div><\/div><\/div>\n\n\n<p>Pour faire fabriquer des totebags en coton bio avec l\u2019association re-wrap qui soutient par le travail des communaut\u00e9s de femmes en Inde. <\/p>\n\n\n\n<p><a href=\"https:\/\/www.re-wrap.com\" target=\"_blank\" rel=\"noreferrer noopener\">https:\/\/www.re-wrap.com<\/a><\/p>\n<\/div>\n<\/div>\n","protected":false},"excerpt":{"rendered":"<p>Notre histoire L\u2019aventure de COW na\u00eet d\u2019un s\u00e9jour \u00e0 Aarhus, au Danemark. En poussant la porte d\u2019un fromager (UNIKA), Antoine, gastronome et voyageur, d\u00e9couvre une s\u00e9lection de fromages locaux inattendus par leur saveur, leur texture, leur finesse. De retour \u00e0 Paris, il se tourne vers Pascal, ex-fromager, et lui dit son regret de ne pas<a class=\"more-link\" href=\"https:\/\/c-o-w.fr\/?page_id=2\">Read more  &#10230;<\/a><\/p>\n","protected":false},"author":1,"featured_media":0,"parent":37,"menu_order":1,"comment_status":"closed","ping_status":"open","template":"","meta":{"footnotes":""},"jetpack_sharing_enabled":true,"_links":{"self":[{"href":"https:\/\/c-o-w.fr\/index.php?rest_route=\/wp\/v2\/pages\/2"}],"collection":[{"href":"https:\/\/c-o-w.fr\/index.php?rest_route=\/wp\/v2\/pages"}],"about":[{"href":"https:\/\/c-o-w.fr\/index.php?rest_route=\/wp\/v2\/types\/page"}],"author":[{"embeddable":true,"href":"https:\/\/c-o-w.fr\/index.php?rest_route=\/wp\/v2\/users\/1"}],"replies":[{"embeddable":true,"href":"https:\/\/c-o-w.fr\/index.php?rest_route=%2Fwp%2Fv2%2Fcomments&post=2"}],"version-history":[{"count":49,"href":"https:\/\/c-o-w.fr\/index.php?rest_route=\/wp\/v2\/pages\/2\/revisions"}],"predecessor-version":[{"id":4430,"href":"https:\/\/c-o-w.fr\/index.php?rest_route=\/wp\/v2\/pages\/2\/revisions\/4430"}],"up":[{"embeddable":true,"href":"https:\/\/c-o-w.fr\/index.php?rest_route=\/wp\/v2\/pages\/37"}],"wp:attachment":[{"href":"https:\/\/c-o-w.fr\/index.php?rest_route=%2Fwp%2Fv2%2Fmedia&parent=2"}],"curies":[{"name":"wp","href":"https:\/\/api.w.org\/{rel}","templated":true}]}}