{"id":190,"date":"2020-06-22T13:30:30","date_gmt":"2020-06-22T13:30:30","guid":{"rendered":"https:\/\/cow.stimdata.tools\/?page_id=190"},"modified":"2024-05-24T13:01:24","modified_gmt":"2024-05-24T13:01:24","slug":"le-maitre-fromager","status":"publish","type":"page","link":"https:\/\/c-o-w.fr\/?page_id=190","title":{"rendered":"Le ma\u00eetre fromager"},"content":{"rendered":"\n<div class=\"wp-block-columns is-layout-flex wp-container-core-columns-layout-1 wp-block-columns-is-layout-flex\">\n<div class=\"wp-block-column is-layout-flow wp-block-column-is-layout-flow\" style=\"flex-basis:100%\">\n<p>Apr\u00e8s deux ann\u00e9es outre-manche, il int\u00e8gre le CIFCA \u00e0 Paris pour une ann\u00e9e, alternant enseignement et pratique au sein des maisons Androuet. Pass\u00e9 ensuite par la Fromagerie Beaufils comme responsable de points de vente, il rencontre Antoine par le biais d&rsquo;un ami fromager, Pascal. S&rsquo;ensuivent de longues discussions autour de la \u00ab\u00a0Culture Fromage\u00a0\u00bb, des probl\u00e9matiques logistiques pour assurer une gamme riche, fournie et en circuit direct.<\/p>\n\n\n\n<p>COW a \u00e9t\u00e9 cr\u00e9\u00e9 par ces passionn\u00e9s en 2019 : L&rsquo;aboutissement de longs mois de voyages, recherches et d\u00e9gustations en France et en Europe. Un lieu d\u00e9di\u00e9 aux amateurs, comme aux n\u00e9ophytes, en plein centre de Paris, au 30 Boulevard St-Germain.<\/p>\n\n\n\n<p>Toujours en recherche de nouveaux produits et nouvelles saveurs, Alexandre transmet aujourd&rsquo;hui son savoir fromager au sein du CIFCA.<\/p>\n<\/div>\n<\/div>\n\n\n\n<div style=\"height:25px\" aria-hidden=\"true\" class=\"wp-block-spacer\"><\/div>\n\n\n\n<figure class=\"wp-block-gallery has-nested-images columns-default is-cropped wp-block-gallery-1 is-layout-flex wp-block-gallery-is-layout-flex\">\n<figure class=\"wp-block-image size-large\"><img loading=\"lazy\" decoding=\"async\" width=\"683\" height=\"1024\" data-id=\"4409\" src=\"https:\/\/c-o-w.fr\/wp-content\/uploads\/2024\/05\/photo-alexandre-683x1024.jpg\" alt=\"\" class=\"wp-image-4409\" srcset=\"https:\/\/c-o-w.fr\/wp-content\/uploads\/2024\/05\/photo-alexandre-683x1024.jpg 683w, https:\/\/c-o-w.fr\/wp-content\/uploads\/2024\/05\/photo-alexandre-200x300.jpg 200w, https:\/\/c-o-w.fr\/wp-content\/uploads\/2024\/05\/photo-alexandre-768x1152.jpg 768w, https:\/\/c-o-w.fr\/wp-content\/uploads\/2024\/05\/photo-alexandre-1024x1536.jpg 1024w, https:\/\/c-o-w.fr\/wp-content\/uploads\/2024\/05\/photo-alexandre-1365x2048.jpg 1365w, https:\/\/c-o-w.fr\/wp-content\/uploads\/2024\/05\/photo-alexandre-1920x2880.jpg 1920w, https:\/\/c-o-w.fr\/wp-content\/uploads\/2024\/05\/photo-alexandre-600x900.jpg 600w, https:\/\/c-o-w.fr\/wp-content\/uploads\/2024\/05\/photo-alexandre-scaled.jpg 1707w\" sizes=\"(max-width: 683px) 100vw, 683px\" \/><\/figure>\n\n\n\n<figure class=\"wp-block-image size-large\"><img loading=\"lazy\" decoding=\"async\" width=\"828\" height=\"803\" data-id=\"1527\" src=\"https:\/\/c-o-w.fr\/wp-content\/uploads\/2021\/06\/alexandre_02.jpg\" alt=\"\" class=\"wp-image-1527\" srcset=\"https:\/\/c-o-w.fr\/wp-content\/uploads\/2021\/06\/alexandre_02.jpg 828w, https:\/\/c-o-w.fr\/wp-content\/uploads\/2021\/06\/alexandre_02-300x291.jpg 300w, https:\/\/c-o-w.fr\/wp-content\/uploads\/2021\/06\/alexandre_02-768x745.jpg 768w, https:\/\/c-o-w.fr\/wp-content\/uploads\/2021\/06\/alexandre_02-600x582.jpg 600w\" sizes=\"(max-width: 828px) 100vw, 828px\" \/><\/figure>\n\n\n\n<figure class=\"wp-block-image size-large\"><img loading=\"lazy\" decoding=\"async\" width=\"828\" height=\"795\" data-id=\"1528\" src=\"https:\/\/c-o-w.fr\/wp-content\/uploads\/2021\/06\/alexandre_03.jpg\" alt=\"\" class=\"wp-image-1528\" srcset=\"https:\/\/c-o-w.fr\/wp-content\/uploads\/2021\/06\/alexandre_03.jpg 828w, https:\/\/c-o-w.fr\/wp-content\/uploads\/2021\/06\/alexandre_03-300x288.jpg 300w, https:\/\/c-o-w.fr\/wp-content\/uploads\/2021\/06\/alexandre_03-768x737.jpg 768w, https:\/\/c-o-w.fr\/wp-content\/uploads\/2021\/06\/alexandre_03-600x576.jpg 600w\" sizes=\"(max-width: 828px) 100vw, 828px\" \/><\/figure>\n<\/figure>\n","protected":false},"excerpt":{"rendered":"<p>Apr\u00e8s deux ann\u00e9es outre-manche, il int\u00e8gre le CIFCA \u00e0 Paris pour une ann\u00e9e, alternant enseignement et pratique au sein des maisons Androuet. Pass\u00e9 ensuite par la Fromagerie Beaufils comme responsable de points de vente, il rencontre Antoine par le biais d&rsquo;un ami fromager, Pascal. S&rsquo;ensuivent de longues discussions autour de la \u00ab\u00a0Culture Fromage\u00a0\u00bb, des probl\u00e9matiques<a class=\"more-link\" href=\"https:\/\/c-o-w.fr\/?page_id=190\">Read more  &#10230;<\/a><\/p>\n","protected":false},"author":1,"featured_media":0,"parent":37,"menu_order":3,"comment_status":"closed","ping_status":"closed","template":"","meta":{"footnotes":""},"jetpack_sharing_enabled":true,"_links":{"self":[{"href":"https:\/\/c-o-w.fr\/index.php?rest_route=\/wp\/v2\/pages\/190"}],"collection":[{"href":"https:\/\/c-o-w.fr\/index.php?rest_route=\/wp\/v2\/pages"}],"about":[{"href":"https:\/\/c-o-w.fr\/index.php?rest_route=\/wp\/v2\/types\/page"}],"author":[{"embeddable":true,"href":"https:\/\/c-o-w.fr\/index.php?rest_route=\/wp\/v2\/users\/1"}],"replies":[{"embeddable":true,"href":"https:\/\/c-o-w.fr\/index.php?rest_route=%2Fwp%2Fv2%2Fcomments&post=190"}],"version-history":[{"count":13,"href":"https:\/\/c-o-w.fr\/index.php?rest_route=\/wp\/v2\/pages\/190\/revisions"}],"predecessor-version":[{"id":4434,"href":"https:\/\/c-o-w.fr\/index.php?rest_route=\/wp\/v2\/pages\/190\/revisions\/4434"}],"up":[{"embeddable":true,"href":"https:\/\/c-o-w.fr\/index.php?rest_route=\/wp\/v2\/pages\/37"}],"wp:attachment":[{"href":"https:\/\/c-o-w.fr\/index.php?rest_route=%2Fwp%2Fv2%2Fmedia&parent=190"}],"curies":[{"name":"wp","href":"https:\/\/api.w.org\/{rel}","templated":true}]}}