{"id":138,"date":"2020-06-17T15:50:28","date_gmt":"2020-06-17T15:50:28","guid":{"rendered":"https:\/\/cow.stimdata.tools\/?page_id=138"},"modified":"2024-05-24T12:00:53","modified_gmt":"2024-05-24T12:00:53","slug":"panier","status":"publish","type":"page","link":"https:\/\/c-o-w.fr\/?page_id=138","title":{"rendered":"Panier"},"content":{"rendered":"\n<p class=\"has-text-align-right has-background\" style=\"background-color:#f6f6f6;font-size:14px;line-height:1.4\"><strong>Livraison assur\u00e9e par notre \u00e9quipe de coursiers \u00e0 v\u00e9lo<\/strong><br>5 euros Paris intramuros<br>8 euros Paris petite couronne<\/p>\n\n\n<div class=\"woocommerce\"><div class=\"woocommerce-notices-wrapper\"><\/div><div class=\"wc-empty-cart-message\">\n\t<div class=\"cart-empty woocommerce-info\">\n\t\tVotre panier est actuellement vide.\t<\/div>\n<\/div>\t<p class=\"return-to-shop\">\n\t\t<a class=\"button wc-backward\" href=\"https:\/\/c-o-w.fr\/?page_id=137\">\n\t\t\tRetour \u00e0 la boutique\t\t<\/a>\n\t<\/p>\n<\/div>\n\n\n\n<p><\/p>\n","protected":false},"excerpt":{"rendered":"<p>Livraison assur\u00e9e par notre \u00e9quipe de coursiers \u00e0 v\u00e9lo5 euros Paris intramuros8 euros Paris petite couronne<\/p>\n","protected":false},"author":1,"featured_media":0,"parent":0,"menu_order":0,"comment_status":"closed","ping_status":"closed","template":"","meta":{"footnotes":""},"jetpack_sharing_enabled":true,"_links":{"self":[{"href":"https:\/\/c-o-w.fr\/index.php?rest_route=\/wp\/v2\/pages\/138"}],"collection":[{"href":"https:\/\/c-o-w.fr\/index.php?rest_route=\/wp\/v2\/pages"}],"about":[{"href":"https:\/\/c-o-w.fr\/index.php?rest_route=\/wp\/v2\/types\/page"}],"author":[{"embeddable":true,"href":"https:\/\/c-o-w.fr\/index.php?rest_route=\/wp\/v2\/users\/1"}],"replies":[{"embeddable":true,"href":"https:\/\/c-o-w.fr\/index.php?rest_route=%2Fwp%2Fv2%2Fcomments&post=138"}],"version-history":[{"count":14,"href":"https:\/\/c-o-w.fr\/index.php?rest_route=\/wp\/v2\/pages\/138\/revisions"}],"predecessor-version":[{"id":4427,"href":"https:\/\/c-o-w.fr\/index.php?rest_route=\/wp\/v2\/pages\/138\/revisions\/4427"}],"wp:attachment":[{"href":"https:\/\/c-o-w.fr\/index.php?rest_route=%2Fwp%2Fv2%2Fmedia&parent=138"}],"curies":[{"name":"wp","href":"https:\/\/api.w.org\/{rel}","templated":true}]}}